{"id":3476,"date":"2021-08-05T14:26:31","date_gmt":"2021-08-05T12:26:31","guid":{"rendered":"https:\/\/fhgroupwebsite.azurewebsites.net\/?page_id=3476"},"modified":"2021-08-05T14:27:04","modified_gmt":"2021-08-05T12:27:04","slug":"cookies","status":"publish","type":"page","link":"https:\/\/fh-group.dk\/de\/cookies\/","title":{"rendered":"Cookies"},"content":{"rendered":"[vc_row type=&#8221;in_container&#8221; full_screen_row_position=&#8221;middle&#8221; column_margin=&#8221;default&#8221; column_direction=&#8221;default&#8221; column_direction_tablet=&#8221;default&#8221; column_direction_phone=&#8221;default&#8221; scene_position=&#8221;center&#8221; top_padding=&#8221;5%&#8221; bottom_padding=&#8221;5%&#8221; left_padding_desktop=&#8221;8%&#8221; right_padding_desktop=&#8221;8%&#8221; left_padding_tablet=&#8221;3%&#8221; right_padding_tablet=&#8221;3%&#8221; left_padding_phone=&#8221;0%&#8221; right_padding_phone=&#8221;0%&#8221; text_color=&#8221;dark&#8221; text_align=&#8221;left&#8221; row_border_radius=&#8221;none&#8221; row_border_radius_applies=&#8221;bg&#8221; overlay_strength=&#8221;0.3&#8243; gradient_direction=&#8221;left_to_right&#8221; shape_divider_position=&#8221;bottom&#8221; bg_image_animation=&#8221;none&#8221; shape_type=&#8221;&#8221;][vc_column column_padding=&#8221;no-extra-padding&#8221; column_padding_tablet=&#8221;inherit&#8221; column_padding_phone=&#8221;inherit&#8221; column_padding_position=&#8221;all&#8221; column_element_spacing=&#8221;default&#8221; background_color_opacity=&#8221;1&#8243; background_hover_color_opacity=&#8221;1&#8243; column_shadow=&#8221;none&#8221; column_border_radius=&#8221;none&#8221; column_link_target=&#8221;_self&#8221; gradient_direction=&#8221;left_to_right&#8221; overlay_strength=&#8221;0.3&#8243; width=&#8221;1\/1&#8243; tablet_width_inherit=&#8221;default&#8221; tablet_text_alignment=&#8221;default&#8221; phone_text_alignment=&#8221;default&#8221; bg_image_animation=&#8221;none&#8221; border_type=&#8221;simple&#8221; column_border_width=&#8221;none&#8221; column_border_style=&#8221;solid&#8221;][vc_column_text]\n<h1>Cookies bei fh-as<\/h1>\n[\/vc_column_text][vc_column_text]\n<table border=\"0\" width=\"100%\" cellspacing=\"2\" cellpadding=\"4\">\n<tbody>\n<tr>\n<td><strong>Der Zweck von Cookies auf unserer Website:<\/strong><\/td>\n<td><strong>Interne\/Erstanbieter-Cookies<\/strong><\/td>\n<td><strong>Externe\/Drittanbieter-Cookies<\/strong><\/td>\n<\/tr>\n<tr>\n<td>Technische Funktionalit\u00e4t<\/td>\n<td>Ja<\/td>\n<td>Nein<\/td>\n<\/tr>\n<tr>\n<td>Verkehrsdatenmessung<\/td>\n<td>Ja<\/td>\n<td>Ja<\/td>\n<\/tr>\n<tr>\n<td>Werbung (Frequenz, Benutzermessung, etc.)<\/td>\n<td>Nein<\/td>\n<td>Nein<\/td>\n<\/tr>\n<tr>\n<td>Verhaltensorientierte, individuell ausgerichtete Werbung<\/td>\n<td>Nein<\/td>\n<td>Nein<\/td>\n<\/tr>\n<\/tbody>\n<\/table>\n<p><strong>Eigent\u00fcmerinformationen<\/strong><br \/>\nDiese Website wird bereitgestellt von:<br \/>\nF&amp;H A\/S<br \/>\nGl. Skivevej 70<br \/>\nDK-8800 Viborg<br \/>\nTel.: (+45) 8928 1300<br \/>\nE-Mail: info@fh-as.dk<\/p>\n<p><b>Cookies<\/b><br \/>\nDiese Website verwendet Cookies, um die oben genannten Zwecke zu erf\u00fcllen. Ein Cookie ist eine kleine Textdatei, die in Ihrem Browser gespeichert wird, damit Ihr Computer erkannt werden kann, wenn Sie die Website wieder besuchen. In unseren Cookies werden keine personenbezogenen Daten gespeichert und die Cookies k\u00f6nnen keinen Virus enthalten.<\/p>\n<p><b>So l\u00f6schen Sie Cookies<\/b><br \/>\nSehen Sie die Anleitung hier:\u00a0<a href=\"http:\/\/minecookies.org\/cookiehandtering\" target=\"_blank\" rel=\"noopener\">http:\/\/minecookies.org\/cookiehandtering<\/a><\/p>\n<p><b>Cookies bei fh-as<\/b><br \/>\n<b>Erstanbieter-Cookies<\/b><\/p>\n<p><b>Sitzungscookie<\/b><br \/>\nName: ASP.NET_SessionId<br \/>\nLebensdauer: 20 Minuten oder wenn Sie das Fenster schlie\u00dfen.<br \/>\nBeschreibung: Dieser Cookie wird automatisch f\u00fcr die Verkehrsanalyse protokolliert.<\/p>\n<p><b>__utma, __utmb, __utmc, __utmz<\/b><br \/>\nName: Google Analytics<br \/>\nLebensdauer:<br \/>\nBeschreibung: Wird f\u00fcr die anonyme Verkehrsdatenanalyse verwendet<br \/>\nDatenschutzerkl\u00e4rung:\u00a0<a href=\"http:\/\/www.google.com\/intl\/en\/policies\/privacy\/\" target=\"_blank\" rel=\"noopener\">http:\/\/www.google.com\/intl\/en\/policies\/privacy\/<\/a><br \/>\nVoransicht der Version vom 1. M\u00e4rz 2012:\u00a0<a href=\"http:\/\/www.google.com\/policies\/privacy\/preview\/\" target=\"_blank\" rel=\"noopener\">http:\/\/www.google.com\/policies\/privacy\/preview\/<\/a><\/p>\n<p><b>Dynamicweb<\/b><br \/>\nName: BesucherID und BesucherDatum<br \/>\nLebensdauer: 1 Jahr<br \/>\nBeschreibung: Wird f\u00fcr die Verkehrsdatenanalyse verwendet<\/p>\n<p><b>Erinnere-dich-den-ganzen-Tag-an-mich-Cookie<\/b><br \/>\nName: .ASPXFORMSAUTH<br \/>\nLebensdauer: 600 Min.<br \/>\nBeschreibung: Der Cookie sorgt daf\u00fcr, dass Sie sich nur einmal am Tag anmelden m\u00fcssen, wenn Sie das Feld &#8220;Erinnere dich den ganzen Tag an mich&#8221; anklicken.<\/p>\n<p><b>Sortiment-Bestellblock-Cookie<\/b><br \/>\nName: USESORTIMENTBLOCK<br \/>\nLebensdauer: 7 Tage<br \/>\nBeschreibung: Der Cookie sorgt daf\u00fcr, dass die Informationen bis zum n\u00e4chsten Mal gespeichert werden, wenn Sie den Bestellblock \u00fcber die Sortiment-Liste angekreuzt haben. Das Marketing ist nur sichtbar, wenn Sie ein Produktsortiment bei F&amp;H haben.<\/p>\n<p><b>Drittanbieter-Cookies<\/b><\/p>\n<p><b>_AVESTA_ENVIRONMENT<\/b><br \/>\nName: MailChimp-Cookie<br \/>\nLebensdauer: 20 Minuten oder wenn Sie das FensterPREF schlie\u00dfen<br \/>\nName: Google-Sucheinstellungen<br \/>\nLebensdauer: 2 Jahre<br \/>\nBeschreibung: Ist nicht aktiv, aber auf die eine oder andere Art und Weise mit Google Analytics verbunden und ein Standard-Cookie, der von google.com gesetzt wird<br \/>\nDatenschutzerkl\u00e4rung:\u00a0<a href=\"http:\/\/www.google.com\/intl\/en\/policies\/privacy\/\" target=\"_blank\" rel=\"noopener\">http:\/\/www.google.com\/intl\/en\/policies\/privacy\/<\/a><br \/>\nVoransicht der Version vom 1. M\u00e4rz 2012:\u00a0<a href=\"http:\/\/www.google.com\/policies\/privacy\/preview\/\">http:\/\/www.google.com\/policies\/privacy\/preview\/<\/a><\/p>\n<p><b>Visitor_INFO1_LIVE<\/b><br \/>\nName: YouTube-Cookie<br \/>\nLebensdauer: 8 Monate<br \/>\nBeschreibung: Wird nicht von uns, sondern von YouTube (Google) verwendet. Mehr dazu k\u00f6nnen Sie in der Datenschutzerkl\u00e4rung von Google lesen. Datenschutzerkl\u00e4rung:\u00a0<a href=\"http:\/\/www.youtube.com\/t\/privacy\" target=\"_blank\" rel=\"noopener\">http:\/\/www.youtube.com\/t\/privacy<\/a><\/p>\n<p><b>Verwendung personenbezogener Daten<\/b><br \/>\nPersonenbezogene Daten werden niemals an Dritte weitergegeben. Wir erfassen niemals personenbezogene Daten, es sei denn, Sie selbst haben diese Informationen bei der Registrierung, beim Kauf oder bei der Teilnahme an einer Umfrage etc. angegeben. In solchen F\u00e4llen werden Informationen \u00fcber Ihren Namen, Ihre Adresse, Ihre Postleitzahl und Ihre E-Mail gespeichert. Pers\u00f6nliche Daten werden dazu verwendet, um den Kauf oder die Dienstleistung abzuschlie\u00dfen, auf der die Erhebung der Daten basiert.<\/p>\n<p><b>Kontakt in Bezug auf personenbezogene Daten<\/b><br \/>\nWenn Sie Zugang zu den bei F&amp;H A\/S gespeicherten Daten w\u00fcnschen, kontaktieren Sie uns bitte \u00fcber\u00a0<a href=\"mailto:nar@fh-as.dk\">nar@fh-as.dk<\/a>\u00a0oder \u00fcber Tel.: (+45) 8928 1348. Wenn falsche Daten gespeichert wurden oder Sie andere Einw\u00e4nde haben, kontaktieren Sie uns bitte auf die gleiche Weise. Sie k\u00f6nnen dann die \u00fcber Sie gespeicherten Daten einsehen und gem\u00e4\u00df den Bestimmungen des d\u00e4nischen Gesetzes \u00fcber die Verarbeitung personenbezogener Daten Widerspruch gegen die Registrierung einlegen.<\/p>\n<p><b>Schutz personenbezogener Daten<\/b><br \/>\nGem\u00e4\u00df den Bestimmungen des d\u00e4nischen Gesetzes \u00fcber die Verarbeitung personenbezogener Daten m\u00fcssen personenbezogene Daten auf sichere und vertrauliche Weise gespeichert werden. Wir speichern Ihre pers\u00f6nlichen Daten auf Computern mit eingeschr\u00e4nktem Zugriff. Diese Computer befinden sich in kontrollierten Einrichtungen, au\u00dferdem werden unsere Sicherheitsma\u00dfnahmen st\u00e4ndig \u00fcberpr\u00fcft, um festzustellen, ob unsere Benutzerinformationen ordnungsgem\u00e4\u00df behandelt werden, und das stets unter Ber\u00fccksichtigung Ihrer Rechte als Benutzer. Wir sind jedoch nicht in der Lage, 100 Prozent Sicherheit bei der Daten\u00fcbertragung \u00fcber das Internet zu garantieren. Daher besteht eine gewisse Gefahr, dass sich Unbefugte bei der elektronischen \u00dcbermittlung und Speicherung von Daten Zugang zu Informationen erzwingen k\u00f6nnen. Sie sind somit selbst f\u00fcr die eigene \u00dcbermittlung personenbezogener Daten verantwortlich. Die personenbezogenen Daten werden so lange gespeichert, wie dies f\u00fcr einen guten Service erforderlich ist. Die schnelle Entwicklung des Internets bedeutet, dass \u00c4nderungen bei unserer Verarbeitung personenbezogener Daten erforderlich werden k\u00f6nnen. Wir behalten uns daher das Recht vor, diese Richtlinien in Bezug auf die Verarbeitung personenbezogener Daten zu aktualisieren und zu \u00fcberarbeiten. Wenn wir dies tun, werden wir nat\u00fcrlich das Datum der &#8220;letzten Aktualisierung&#8221; am Ende der Seite korrigieren. Im Falle wesentlicher \u00c4nderungen werden wir dies in Form einer sichtbaren Mitteilung auf unseren Websites deutlich machen. F\u00fcr den Fall, dass personenbezogene Daten \u00fcber Sie verarbeitet werden, sind Sie gem\u00e4\u00df dem d\u00e4nischen Gesetz \u00fcber die Verarbeitung personenbezogener Daten berechtigt, \u00fcber alle personenbezogenen Daten, die Ihnen zugeordnet werden k\u00f6nnen, informiert zu werden. F\u00fcr den Fall, dass sich die verarbeiteten Informationen oder Daten \u00fcber Sie als falsch oder irref\u00fchrend erweisen, sind Sie berechtigt, die Berichtigung, L\u00f6schung oder Sperrung dieser Informationen oder Daten zu verlangen. Sie k\u00f6nnen jederzeit Widerspruch dagegen einlegen, dass Informationen \u00fcber Sie verarbeitet werden. Dar\u00fcber hinaus k\u00f6nnen Sie Ihre Einwilligung jederzeit widerrufen. Sie k\u00f6nnen auch eine Beschwerde in Bezug auf die Verarbeitung von Informationen und Daten \u00fcber Sie einreichen. Beschwerden sind bei der d\u00e4nischen Datenschutzbeh\u00f6rde einzureichen, vgl. Abschnitt 58 Absatz 1 des d\u00e4nischen Gesetzes \u00fcber die Verarbeitung personenbezogener Daten.[\/vc_column_text][\/vc_column][\/vc_row]\n","protected":false},"excerpt":{"rendered":"<p>[vc_row type=&#8221;in_container&#8221; full_screen_row_position=&#8221;middle&#8221; column_margin=&#8221;default&#8221; column_direction=&#8221;default&#8221; column_direction_tablet=&#8221;default&#8221; column_direction_phone=&#8221;default&#8221; scene_position=&#8221;center&#8221; top_padding=&#8221;5%&#8221; bottom_padding=&#8221;5%&#8221; left_padding_desktop=&#8221;8%&#8221; right_padding_desktop=&#8221;8%&#8221; left_padding_tablet=&#8221;3%&#8221; right_padding_tablet=&#8221;3%&#8221; left_padding_phone=&#8221;0%&#8221; right_padding_phone=&#8221;0%&#8221; text_color=&#8221;dark&#8221; text_align=&#8221;left&#8221; row_border_radius=&#8221;none&#8221; row_border_radius_applies=&#8221;bg&#8221; overlay_strength=&#8221;0.3&#8243; gradient_direction=&#8221;left_to_right&#8221; shape_divider_position=&#8221;bottom&#8221; bg_image_animation=&#8221;none&#8221; shape_type=&#8221;&#8221;][vc_column column_padding=&#8221;no-extra-padding&#8221; column_padding_tablet=&#8221;inherit&#8221; column_padding_phone=&#8221;inherit&#8221; column_padding_position=&#8221;all&#8221; column_element_spacing=&#8221;default&#8221; background_color_opacity=&#8221;1&#8243; background_hover_color_opacity=&#8221;1&#8243; column_shadow=&#8221;none&#8221; column_border_radius=&#8221;none&#8221; column_link_target=&#8221;_self&#8221; gradient_direction=&#8221;left_to_right&#8221; overlay_strength=&#8221;0.3&#8243; width=&#8221;1\/1&#8243; tablet_width_inherit=&#8221;default&#8221; tablet_text_alignment=&#8221;default&#8221;&#8230;<\/p>\n","protected":false},"author":7,"featured_media":0,"parent":0,"menu_order":0,"comment_status":"closed","ping_status":"closed","template":"","meta":{"footnotes":""},"class_list":["post-3476","page","type-page","status-publish"],"yoast_head":"<!-- This site is optimized with the Yoast SEO plugin v25.9 - https:\/\/yoast.com\/wordpress\/plugins\/seo\/ -->\r\n<title>Cookies - F&amp;H Group<\/title>\r\n<meta name=\"robots\" content=\"index, follow, max-snippet:-1, max-image-preview:large, max-video-preview:-1\" \/>\r\n<link rel=\"canonical\" href=\"https:\/\/fh-group.dk\/information\/cookies\/\" \/>\r\n<meta property=\"og:locale\" content=\"de_DE\" \/>\r\n<meta property=\"og:type\" content=\"article\" \/>\r\n<meta property=\"og:title\" content=\"Cookies - F&amp;H Group\" \/>\r\n<meta property=\"og:description\" content=\"[vc_row type=&#8221;in_container&#8221; full_screen_row_position=&#8221;middle&#8221; column_margin=&#8221;default&#8221; column_direction=&#8221;default&#8221; column_direction_tablet=&#8221;default&#8221; column_direction_phone=&#8221;default&#8221; scene_position=&#8221;center&#8221; top_padding=&#8221;5%&#8221; bottom_padding=&#8221;5%&#8221; left_padding_desktop=&#8221;8%&#8221; right_padding_desktop=&#8221;8%&#8221; left_padding_tablet=&#8221;3%&#8221; right_padding_tablet=&#8221;3%&#8221; left_padding_phone=&#8221;0%&#8221; right_padding_phone=&#8221;0%&#8221; text_color=&#8221;dark&#8221; text_align=&#8221;left&#8221; row_border_radius=&#8221;none&#8221; row_border_radius_applies=&#8221;bg&#8221; overlay_strength=&#8221;0.3&#8243; gradient_direction=&#8221;left_to_right&#8221; shape_divider_position=&#8221;bottom&#8221; bg_image_animation=&#8221;none&#8221; shape_type=&#8221;&#8221;][vc_column column_padding=&#8221;no-extra-padding&#8221; column_padding_tablet=&#8221;inherit&#8221; column_padding_phone=&#8221;inherit&#8221; column_padding_position=&#8221;all&#8221; column_element_spacing=&#8221;default&#8221; background_color_opacity=&#8221;1&#8243; background_hover_color_opacity=&#8221;1&#8243; column_shadow=&#8221;none&#8221; column_border_radius=&#8221;none&#8221; column_link_target=&#8221;_self&#8221; gradient_direction=&#8221;left_to_right&#8221; overlay_strength=&#8221;0.3&#8243; width=&#8221;1\/1&#8243; tablet_width_inherit=&#8221;default&#8221; tablet_text_alignment=&#8221;default&#8221;...\" \/>\r\n<meta property=\"og:url\" content=\"https:\/\/fh-group.dk\/information\/cookies\/\" \/>\r\n<meta property=\"og:site_name\" content=\"F&amp;H Group\" \/>\r\n<meta property=\"article:modified_time\" content=\"2021-08-05T12:27:04+00:00\" \/>\r\n<meta property=\"og:image\" content=\"https:\/\/fh-group.dk\/wp-content\/uploads\/fh-facebook-image.png\" \/>\r\n\t<meta property=\"og:image:width\" content=\"400\" \/>\r\n\t<meta property=\"og:image:height\" content=\"400\" \/>\r\n\t<meta property=\"og:image:type\" content=\"image\/png\" \/>\r\n<meta name=\"twitter:card\" content=\"summary_large_image\" \/>\r\n<meta name=\"twitter:label1\" content=\"Gesch\u00e4tzte Lesezeit\" \/>\n\t<meta name=\"twitter:data1\" content=\"5 minutes\" \/>\r\n<script type=\"application\/ld+json\" class=\"yoast-schema-graph\">{\"@context\":\"https:\/\/schema.org\",\"@graph\":[{\"@type\":\"WebPage\",\"@id\":\"https:\/\/fh-group.dk\/information\/cookies\/\",\"url\":\"https:\/\/fh-group.dk\/information\/cookies\/\",\"name\":\"Cookies - F&amp;H Group\",\"isPartOf\":{\"@id\":\"https:\/\/fh-group.dk\/#website\"},\"datePublished\":\"2021-08-05T12:26:31+00:00\",\"dateModified\":\"2021-08-05T12:27:04+00:00\",\"inLanguage\":\"de-DE\",\"potentialAction\":[{\"@type\":\"ReadAction\",\"target\":[\"https:\/\/fh-group.dk\/information\/cookies\/\"]}]},{\"@type\":\"WebSite\",\"@id\":\"https:\/\/fh-group.dk\/#website\",\"url\":\"https:\/\/fh-group.dk\/\",\"name\":\"F&amp;H Group\",\"description\":\"A global brand house in Kitchen Living Dining\",\"potentialAction\":[{\"@type\":\"SearchAction\",\"target\":{\"@type\":\"EntryPoint\",\"urlTemplate\":\"https:\/\/fh-group.dk\/?s={search_term_string}\"},\"query-input\":{\"@type\":\"PropertyValueSpecification\",\"valueRequired\":true,\"valueName\":\"search_term_string\"}}],\"inLanguage\":\"de-DE\"}]}<\/script>\r\n<!-- \/ Yoast SEO plugin. -->","yoast_head_json":{"title":"Cookies - F&amp;H Group","robots":{"index":"index","follow":"follow","max-snippet":"max-snippet:-1","max-image-preview":"max-image-preview:large","max-video-preview":"max-video-preview:-1"},"canonical":"https:\/\/fh-group.dk\/information\/cookies\/","og_locale":"de_DE","og_type":"article","og_title":"Cookies - F&amp;H Group","og_description":"[vc_row type=&#8221;in_container&#8221; full_screen_row_position=&#8221;middle&#8221; column_margin=&#8221;default&#8221; column_direction=&#8221;default&#8221; column_direction_tablet=&#8221;default&#8221; column_direction_phone=&#8221;default&#8221; scene_position=&#8221;center&#8221; top_padding=&#8221;5%&#8221; bottom_padding=&#8221;5%&#8221; left_padding_desktop=&#8221;8%&#8221; right_padding_desktop=&#8221;8%&#8221; left_padding_tablet=&#8221;3%&#8221; right_padding_tablet=&#8221;3%&#8221; left_padding_phone=&#8221;0%&#8221; right_padding_phone=&#8221;0%&#8221; text_color=&#8221;dark&#8221; text_align=&#8221;left&#8221; row_border_radius=&#8221;none&#8221; row_border_radius_applies=&#8221;bg&#8221; overlay_strength=&#8221;0.3&#8243; gradient_direction=&#8221;left_to_right&#8221; shape_divider_position=&#8221;bottom&#8221; bg_image_animation=&#8221;none&#8221; shape_type=&#8221;&#8221;][vc_column column_padding=&#8221;no-extra-padding&#8221; column_padding_tablet=&#8221;inherit&#8221; column_padding_phone=&#8221;inherit&#8221; column_padding_position=&#8221;all&#8221; column_element_spacing=&#8221;default&#8221; background_color_opacity=&#8221;1&#8243; background_hover_color_opacity=&#8221;1&#8243; column_shadow=&#8221;none&#8221; column_border_radius=&#8221;none&#8221; column_link_target=&#8221;_self&#8221; gradient_direction=&#8221;left_to_right&#8221; overlay_strength=&#8221;0.3&#8243; width=&#8221;1\/1&#8243; tablet_width_inherit=&#8221;default&#8221; tablet_text_alignment=&#8221;default&#8221;...","og_url":"https:\/\/fh-group.dk\/information\/cookies\/","og_site_name":"F&amp;H Group","article_modified_time":"2021-08-05T12:27:04+00:00","og_image":[{"width":400,"height":400,"url":"https:\/\/fh-group.dk\/wp-content\/uploads\/fh-facebook-image.png","type":"image\/png"}],"twitter_card":"summary_large_image","twitter_misc":{"Gesch\u00e4tzte Lesezeit":"5 minutes"},"schema":{"@context":"https:\/\/schema.org","@graph":[{"@type":"WebPage","@id":"https:\/\/fh-group.dk\/information\/cookies\/","url":"https:\/\/fh-group.dk\/information\/cookies\/","name":"Cookies - F&amp;H Group","isPartOf":{"@id":"https:\/\/fh-group.dk\/#website"},"datePublished":"2021-08-05T12:26:31+00:00","dateModified":"2021-08-05T12:27:04+00:00","inLanguage":"de-DE","potentialAction":[{"@type":"ReadAction","target":["https:\/\/fh-group.dk\/information\/cookies\/"]}]},{"@type":"WebSite","@id":"https:\/\/fh-group.dk\/#website","url":"https:\/\/fh-group.dk\/","name":"F&amp;H Group","description":"A global brand house in Kitchen Living Dining","potentialAction":[{"@type":"SearchAction","target":{"@type":"EntryPoint","urlTemplate":"https:\/\/fh-group.dk\/?s={search_term_string}"},"query-input":{"@type":"PropertyValueSpecification","valueRequired":true,"valueName":"search_term_string"}}],"inLanguage":"de-DE"}]}},"_links":{"self":[{"href":"https:\/\/fh-group.dk\/de\/wp-json\/wp\/v2\/pages\/3476","targetHints":{"allow":["GET"]}}],"collection":[{"href":"https:\/\/fh-group.dk\/de\/wp-json\/wp\/v2\/pages"}],"about":[{"href":"https:\/\/fh-group.dk\/de\/wp-json\/wp\/v2\/types\/page"}],"author":[{"embeddable":true,"href":"https:\/\/fh-group.dk\/de\/wp-json\/wp\/v2\/users\/7"}],"replies":[{"embeddable":true,"href":"https:\/\/fh-group.dk\/de\/wp-json\/wp\/v2\/comments?post=3476"}],"version-history":[{"count":0,"href":"https:\/\/fh-group.dk\/de\/wp-json\/wp\/v2\/pages\/3476\/revisions"}],"wp:attachment":[{"href":"https:\/\/fh-group.dk\/de\/wp-json\/wp\/v2\/media?parent=3476"}],"curies":[{"name":"wp","href":"https:\/\/api.w.org\/{rel}","templated":true}]}}