{"id":3718,"date":"2021-08-13T09:42:47","date_gmt":"2021-08-13T07:42:47","guid":{"rendered":"https:\/\/fhgroupwebsite.azurewebsites.net\/?page_id=3718"},"modified":"2022-04-28T21:28:45","modified_gmt":"2022-04-28T19:28:45","slug":"fh-datenschutzerklaerung-dsgvo","status":"publish","type":"page","link":"https:\/\/fh-group.dk\/de\/fh-datenschutzerklaerung-dsgvo\/","title":{"rendered":"F&#038;H-Datenschutzerkl\u00e4rung (DSGVO)"},"content":{"rendered":"[vc_row type=&#8221;in_container&#8221; full_screen_row_position=&#8221;middle&#8221; column_margin=&#8221;default&#8221; column_direction=&#8221;default&#8221; column_direction_tablet=&#8221;default&#8221; column_direction_phone=&#8221;default&#8221; scene_position=&#8221;center&#8221; text_color=&#8221;dark&#8221; text_align=&#8221;left&#8221; row_border_radius=&#8221;none&#8221; row_border_radius_applies=&#8221;bg&#8221; overlay_strength=&#8221;0.3&#8243; gradient_direction=&#8221;left_to_right&#8221; shape_divider_position=&#8221;bottom&#8221; bg_image_animation=&#8221;none&#8221;][vc_column column_padding=&#8221;no-extra-padding&#8221; column_padding_tablet=&#8221;inherit&#8221; column_padding_phone=&#8221;inherit&#8221; column_padding_position=&#8221;all&#8221; column_element_spacing=&#8221;default&#8221; background_color_opacity=&#8221;1&#8243; background_hover_color_opacity=&#8221;1&#8243; column_shadow=&#8221;none&#8221; column_border_radius=&#8221;none&#8221; column_link_target=&#8221;_self&#8221; gradient_direction=&#8221;left_to_right&#8221; overlay_strength=&#8221;0.3&#8243; width=&#8221;1\/1&#8243; tablet_width_inherit=&#8221;default&#8221; tablet_text_alignment=&#8221;default&#8221; phone_text_alignment=&#8221;default&#8221; bg_image_animation=&#8221;none&#8221; border_type=&#8221;simple&#8221; column_border_width=&#8221;none&#8221; column_border_style=&#8221;solid&#8221;][vc_column_text]Die F&amp;H Gruppe ist Datenverantwortlicher f\u00fcr die Verarbeitung personenbezogener Daten.<\/p>\n<table border=\"0\" width=\"100%\" cellspacing=\"0\" cellpadding=\"0\">\n<tbody>\n<tr valign=\"top\">\n<td width=\"50%\">\n<p class=\"h2\">F&amp;H Group GmbH<br \/>\nGl. Skivevej 70, DK-8800 Viborg<br \/>\nE-Mail: persondata@fh-as.dk<\/p>\n<\/td>\n<td width=\"50%\">\n<p class=\"h2\">Telefon: +45 8928 1300<br \/>\nCVR Nr. 1032 5838<\/p>\n<\/td>\n<\/tr>\n<\/tbody>\n<\/table>\n<p><strong>Wenn Sie bei uns kaufen, werden die folgenden personenbezogenen Daten verarbeitet:<\/strong><\/p>\n<ul>\n<li>Wenn Sie einen Artikel bei uns kaufen, ben\u00f6tigen wir Kundenstammdaten \u00fcber Sie, um die Bestellung zu bearbeiten und den Artikel zu liefern.<\/li>\n<li>Diese Informationen umfassen den Firmennamen, die Adresse, die Telefonnummer, die E-Mail, die Kontaktperson, die Lieferadresse, die CVR-Nr. und die Bankverbindung.<\/li>\n<li>Die Informationen werden in der Regel von Ihnen als Kunde im Zusammenhang mit unserem Handel gegeben.<\/li>\n<li>Wir speichern Ihre personenbezogenen Daten so lange, wie wir eine Handelsbeziehung zu Ihnen unterhalten. Und gem\u00e4\u00df dem Buchf\u00fchrungsgesetz m\u00fcssen die Informationen mindestens 5 Jahre nach der Rechnungsstellung aufbewahrt werden.<\/li>\n<\/ul>\n<p><strong>Wenn Sie an uns verkaufen, werden die folgenden personenbezogenen Daten verarbeitet:<\/strong><\/p>\n<ul>\n<li>Um einen Kauf bei Ihnen zu registrieren, ben\u00f6tigen wir Lieferantenstammdaten \u00fcber Sie.<\/li>\n<li>Diese Informationen umfassen den Firmennamen, die Adresse, die Telefonnummer, die E-Mail, die Kontaktperson, die Lieferadresse, die CVR-Nr. und die Bankverbindung.<\/li>\n<li>Die Informationen werden in der Regel von Ihnen als Verk\u00e4ufer im Zusammenhang mit unserem Handel gegeben.<\/li>\n<li>Wir speichern Ihre personenbezogenen Daten so lange, wie wir eine Handelsbeziehung zu Ihnen unterhalten. Und gem\u00e4\u00df dem Buchf\u00fchrungsgesetz m\u00fcssen die Informationen mindestens 5 Jahre nach dem Kauf aufbewahrt werden.<\/li>\n<\/ul>\n<p><strong>Wenn Sie sich bei uns bewerben, werden folgende personenbezogene Daten verarbeitet:<\/strong><\/p>\n<ul>\n<li>Um Sie einstellen zu k\u00f6nnen, ben\u00f6tigen wir Informationen w\u00e4hrend der Rekrutierung.<\/li>\n<li>Diese Informationen umfassen Ihren Namen, Adresse, Telefonnummer, E-Mail, aktuelle Berufsbezeichnung, Ausbildung, Diplome, Empfehlungen, ein Foto und Berufserfahrung.<\/li>\n<li>Die Informationen werden von Ihnen als Bewerber im Zusammenhang mit einer ausgeschriebenen Stelle oder bei einer unaufgeforderten Bewerbung zur Verf\u00fcgung gestellt.<\/li>\n<li>Wir speichern Ihre personenbezogenen Daten bis zu 6 Monate nach Eingang Ihrer Bewerbung.<\/li>\n<\/ul>\n<p><strong>\u00c4nderung von Informationen<\/strong><\/p>\n<p>Gem\u00e4\u00df der Datenschutzverordnung haben Sie eine Reihe von Rechten in Bezug auf die Verarbeitung von Informationen \u00fcber Sie. Wenn Sie m\u00f6chten, dass wir die personenbezogenen Daten, die wir \u00fcber Sie gespeichert haben, aktualisieren, \u00e4ndern oder l\u00f6schen; wenn Sie auf die verarbeiteten personenbezogenen Daten zugreifen m\u00f6chten oder wenn Sie Fragen haben, kontaktieren Sie uns bitte unter\u00a0<a href=\"mailto:persondata@fh-as.dk\">persondata@fh-as.dk<\/a><\/p>\n<p>Lesen Sie mehr \u00fcber Ihre Rechte als registrierte Person im Leitfaden der d\u00e4nischen Datenschutzbeh\u00f6rde auf\u00a0<a href=\"file:\/\/\/C:\/Users\/jeb\/AppData\/Local\/Microsoft\/Windows\/INetCache\/Content.Outlook\/BBR4Y6RM\/www.datatilsynet.dk\">www.datatilsynet.dk<\/a><\/p>\n<p><em>Die F&amp;H-Datenschutzerkl\u00e4rung wurde am 25. Mai 2018<\/em>verfasst.[\/vc_column_text][\/vc_column][\/vc_row]\n","protected":false},"excerpt":{"rendered":"<p>[vc_row type=&#8221;in_container&#8221; full_screen_row_position=&#8221;middle&#8221; column_margin=&#8221;default&#8221; column_direction=&#8221;default&#8221; column_direction_tablet=&#8221;default&#8221; column_direction_phone=&#8221;default&#8221; scene_position=&#8221;center&#8221; text_color=&#8221;dark&#8221; text_align=&#8221;left&#8221; row_border_radius=&#8221;none&#8221; row_border_radius_applies=&#8221;bg&#8221; overlay_strength=&#8221;0.3&#8243; gradient_direction=&#8221;left_to_right&#8221; shape_divider_position=&#8221;bottom&#8221; bg_image_animation=&#8221;none&#8221;][vc_column column_padding=&#8221;no-extra-padding&#8221; column_padding_tablet=&#8221;inherit&#8221; column_padding_phone=&#8221;inherit&#8221; column_padding_position=&#8221;all&#8221; column_element_spacing=&#8221;default&#8221; background_color_opacity=&#8221;1&#8243; background_hover_color_opacity=&#8221;1&#8243; column_shadow=&#8221;none&#8221; column_border_radius=&#8221;none&#8221; column_link_target=&#8221;_self&#8221; gradient_direction=&#8221;left_to_right&#8221; overlay_strength=&#8221;0.3&#8243; width=&#8221;1\/1&#8243; tablet_width_inherit=&#8221;default&#8221; tablet_text_alignment=&#8221;default&#8221; phone_text_alignment=&#8221;default&#8221; bg_image_animation=&#8221;none&#8221; border_type=&#8221;simple&#8221; column_border_width=&#8221;none&#8221; column_border_style=&#8221;solid&#8221;][vc_column_text]Die F&amp;H Gruppe ist Datenverantwortlicher&#8230;<\/p>\n","protected":false},"author":7,"featured_media":0,"parent":0,"menu_order":0,"comment_status":"closed","ping_status":"closed","template":"","meta":{"footnotes":""},"class_list":["post-3718","page","type-page","status-publish"],"yoast_head":"<!-- This site is optimized with the Yoast SEO plugin v25.9 - https:\/\/yoast.com\/wordpress\/plugins\/seo\/ -->\r\n<title>F&amp;H-Datenschutzerkl\u00e4rung (DSGVO) - F&amp;H Group<\/title>\r\n<meta name=\"robots\" content=\"index, follow, max-snippet:-1, max-image-preview:large, max-video-preview:-1\" \/>\r\n<link rel=\"canonical\" href=\"https:\/\/fh-group.dk\/de\/fh-datenschutzerklaerung-dsgvo\/\" \/>\r\n<meta property=\"og:locale\" content=\"de_DE\" \/>\r\n<meta property=\"og:type\" content=\"article\" \/>\r\n<meta property=\"og:title\" content=\"F&amp;H-Datenschutzerkl\u00e4rung (DSGVO) - F&amp;H Group\" \/>\r\n<meta property=\"og:description\" content=\"[vc_row type=&#8221;in_container&#8221; full_screen_row_position=&#8221;middle&#8221; column_margin=&#8221;default&#8221; column_direction=&#8221;default&#8221; column_direction_tablet=&#8221;default&#8221; column_direction_phone=&#8221;default&#8221; scene_position=&#8221;center&#8221; text_color=&#8221;dark&#8221; text_align=&#8221;left&#8221; row_border_radius=&#8221;none&#8221; row_border_radius_applies=&#8221;bg&#8221; overlay_strength=&#8221;0.3&#8243; gradient_direction=&#8221;left_to_right&#8221; shape_divider_position=&#8221;bottom&#8221; bg_image_animation=&#8221;none&#8221;][vc_column column_padding=&#8221;no-extra-padding&#8221; column_padding_tablet=&#8221;inherit&#8221; column_padding_phone=&#8221;inherit&#8221; column_padding_position=&#8221;all&#8221; column_element_spacing=&#8221;default&#8221; background_color_opacity=&#8221;1&#8243; background_hover_color_opacity=&#8221;1&#8243; column_shadow=&#8221;none&#8221; column_border_radius=&#8221;none&#8221; column_link_target=&#8221;_self&#8221; gradient_direction=&#8221;left_to_right&#8221; overlay_strength=&#8221;0.3&#8243; width=&#8221;1\/1&#8243; tablet_width_inherit=&#8221;default&#8221; tablet_text_alignment=&#8221;default&#8221; phone_text_alignment=&#8221;default&#8221; bg_image_animation=&#8221;none&#8221; border_type=&#8221;simple&#8221; column_border_width=&#8221;none&#8221; column_border_style=&#8221;solid&#8221;][vc_column_text]Die F&amp;H Gruppe ist Datenverantwortlicher...\" \/>\r\n<meta property=\"og:url\" content=\"https:\/\/fh-group.dk\/de\/fh-datenschutzerklaerung-dsgvo\/\" \/>\r\n<meta property=\"og:site_name\" content=\"F&amp;H Group\" \/>\r\n<meta property=\"article:modified_time\" content=\"2022-04-28T19:28:45+00:00\" \/>\r\n<meta property=\"og:image\" content=\"https:\/\/fh-group.dk\/wp-content\/uploads\/fh-facebook-image.png\" \/>\r\n\t<meta property=\"og:image:width\" content=\"400\" \/>\r\n\t<meta property=\"og:image:height\" content=\"400\" \/>\r\n\t<meta property=\"og:image:type\" content=\"image\/png\" \/>\r\n<meta name=\"twitter:card\" content=\"summary_large_image\" \/>\r\n<meta name=\"twitter:label1\" content=\"Gesch\u00e4tzte Lesezeit\" \/>\n\t<meta name=\"twitter:data1\" content=\"3 minutes\" \/>\r\n<script type=\"application\/ld+json\" class=\"yoast-schema-graph\">{\"@context\":\"https:\/\/schema.org\",\"@graph\":[{\"@type\":\"WebPage\",\"@id\":\"https:\/\/fh-group.dk\/de\/fh-datenschutzerklaerung-dsgvo\/\",\"url\":\"https:\/\/fh-group.dk\/de\/fh-datenschutzerklaerung-dsgvo\/\",\"name\":\"F&H-Datenschutzerkl\u00e4rung (DSGVO) - F&amp;H Group\",\"isPartOf\":{\"@id\":\"https:\/\/fh-group.dk\/#website\"},\"datePublished\":\"2021-08-13T07:42:47+00:00\",\"dateModified\":\"2022-04-28T19:28:45+00:00\",\"inLanguage\":\"de-DE\",\"potentialAction\":[{\"@type\":\"ReadAction\",\"target\":[\"https:\/\/fh-group.dk\/de\/fh-datenschutzerklaerung-dsgvo\/\"]}]},{\"@type\":\"WebSite\",\"@id\":\"https:\/\/fh-group.dk\/#website\",\"url\":\"https:\/\/fh-group.dk\/\",\"name\":\"F&amp;H Group\",\"description\":\"A global brand house in Kitchen Living Dining\",\"potentialAction\":[{\"@type\":\"SearchAction\",\"target\":{\"@type\":\"EntryPoint\",\"urlTemplate\":\"https:\/\/fh-group.dk\/?s={search_term_string}\"},\"query-input\":{\"@type\":\"PropertyValueSpecification\",\"valueRequired\":true,\"valueName\":\"search_term_string\"}}],\"inLanguage\":\"de-DE\"}]}<\/script>\r\n<!-- \/ Yoast SEO plugin. -->","yoast_head_json":{"title":"F&H-Datenschutzerkl\u00e4rung (DSGVO) - F&amp;H Group","robots":{"index":"index","follow":"follow","max-snippet":"max-snippet:-1","max-image-preview":"max-image-preview:large","max-video-preview":"max-video-preview:-1"},"canonical":"https:\/\/fh-group.dk\/de\/fh-datenschutzerklaerung-dsgvo\/","og_locale":"de_DE","og_type":"article","og_title":"F&H-Datenschutzerkl\u00e4rung (DSGVO) - F&amp;H Group","og_description":"[vc_row type=&#8221;in_container&#8221; full_screen_row_position=&#8221;middle&#8221; column_margin=&#8221;default&#8221; column_direction=&#8221;default&#8221; column_direction_tablet=&#8221;default&#8221; column_direction_phone=&#8221;default&#8221; scene_position=&#8221;center&#8221; text_color=&#8221;dark&#8221; text_align=&#8221;left&#8221; row_border_radius=&#8221;none&#8221; row_border_radius_applies=&#8221;bg&#8221; overlay_strength=&#8221;0.3&#8243; gradient_direction=&#8221;left_to_right&#8221; shape_divider_position=&#8221;bottom&#8221; bg_image_animation=&#8221;none&#8221;][vc_column column_padding=&#8221;no-extra-padding&#8221; column_padding_tablet=&#8221;inherit&#8221; column_padding_phone=&#8221;inherit&#8221; column_padding_position=&#8221;all&#8221; column_element_spacing=&#8221;default&#8221; background_color_opacity=&#8221;1&#8243; background_hover_color_opacity=&#8221;1&#8243; column_shadow=&#8221;none&#8221; column_border_radius=&#8221;none&#8221; column_link_target=&#8221;_self&#8221; gradient_direction=&#8221;left_to_right&#8221; overlay_strength=&#8221;0.3&#8243; width=&#8221;1\/1&#8243; tablet_width_inherit=&#8221;default&#8221; tablet_text_alignment=&#8221;default&#8221; phone_text_alignment=&#8221;default&#8221; bg_image_animation=&#8221;none&#8221; border_type=&#8221;simple&#8221; column_border_width=&#8221;none&#8221; column_border_style=&#8221;solid&#8221;][vc_column_text]Die F&amp;H Gruppe ist Datenverantwortlicher...","og_url":"https:\/\/fh-group.dk\/de\/fh-datenschutzerklaerung-dsgvo\/","og_site_name":"F&amp;H Group","article_modified_time":"2022-04-28T19:28:45+00:00","og_image":[{"width":400,"height":400,"url":"https:\/\/fh-group.dk\/wp-content\/uploads\/fh-facebook-image.png","type":"image\/png"}],"twitter_card":"summary_large_image","twitter_misc":{"Gesch\u00e4tzte Lesezeit":"3 minutes"},"schema":{"@context":"https:\/\/schema.org","@graph":[{"@type":"WebPage","@id":"https:\/\/fh-group.dk\/de\/fh-datenschutzerklaerung-dsgvo\/","url":"https:\/\/fh-group.dk\/de\/fh-datenschutzerklaerung-dsgvo\/","name":"F&H-Datenschutzerkl\u00e4rung (DSGVO) - F&amp;H Group","isPartOf":{"@id":"https:\/\/fh-group.dk\/#website"},"datePublished":"2021-08-13T07:42:47+00:00","dateModified":"2022-04-28T19:28:45+00:00","inLanguage":"de-DE","potentialAction":[{"@type":"ReadAction","target":["https:\/\/fh-group.dk\/de\/fh-datenschutzerklaerung-dsgvo\/"]}]},{"@type":"WebSite","@id":"https:\/\/fh-group.dk\/#website","url":"https:\/\/fh-group.dk\/","name":"F&amp;H Group","description":"A global brand house in Kitchen Living Dining","potentialAction":[{"@type":"SearchAction","target":{"@type":"EntryPoint","urlTemplate":"https:\/\/fh-group.dk\/?s={search_term_string}"},"query-input":{"@type":"PropertyValueSpecification","valueRequired":true,"valueName":"search_term_string"}}],"inLanguage":"de-DE"}]}},"_links":{"self":[{"href":"https:\/\/fh-group.dk\/de\/wp-json\/wp\/v2\/pages\/3718","targetHints":{"allow":["GET"]}}],"collection":[{"href":"https:\/\/fh-group.dk\/de\/wp-json\/wp\/v2\/pages"}],"about":[{"href":"https:\/\/fh-group.dk\/de\/wp-json\/wp\/v2\/types\/page"}],"author":[{"embeddable":true,"href":"https:\/\/fh-group.dk\/de\/wp-json\/wp\/v2\/users\/7"}],"replies":[{"embeddable":true,"href":"https:\/\/fh-group.dk\/de\/wp-json\/wp\/v2\/comments?post=3718"}],"version-history":[{"count":0,"href":"https:\/\/fh-group.dk\/de\/wp-json\/wp\/v2\/pages\/3718\/revisions"}],"wp:attachment":[{"href":"https:\/\/fh-group.dk\/de\/wp-json\/wp\/v2\/media?parent=3718"}],"curies":[{"name":"wp","href":"https:\/\/api.w.org\/{rel}","templated":true}]}}