{"id":6728,"date":"2022-05-25T15:06:17","date_gmt":"2022-05-25T13:06:17","guid":{"rendered":"https:\/\/www.fh-group.dk\/verantwortlichkeit\/baeredygtighed\/"},"modified":"2022-08-22T13:18:14","modified_gmt":"2022-08-22T11:18:14","slug":"verantwortungsvolle-entwicklung","status":"publish","type":"page","link":"https:\/\/fh-group.dk\/de\/verantwortlichkeit\/verantwortungsvolle-entwicklung\/","title":{"rendered":"Verantwortungsvolle Entwicklung"},"content":{"rendered":"[vc_row type=&#8221;full_width_background&#8221; full_screen_row_position=&#8221;middle&#8221; column_margin=&#8221;default&#8221; column_direction=&#8221;default&#8221; column_direction_tablet=&#8221;default&#8221; column_direction_phone=&#8221;default&#8221; bg_image=&#8221;6620&#8243; bg_position=&#8221;center center&#8221; background_image_loading=&#8221;default&#8221; bg_repeat=&#8221;no-repeat&#8221; scene_position=&#8221;center&#8221; top_padding=&#8221;165px&#8221; constrain_group_1=&#8221;yes&#8221; bottom_padding=&#8221;165px&#8221; text_color=&#8221;light&#8221; text_align=&#8221;left&#8221; row_border_radius=&#8221;none&#8221; row_border_radius_applies=&#8221;bg&#8221; enable_gradient=&#8221;true&#8221; color_overlay=&#8221;#000000&#8243; overlay_strength=&#8221;0.3&#8243; gradient_direction=&#8221;top_to_bottom&#8221; shape_divider_position=&#8221;bottom&#8221; bg_image_animation=&#8221;none&#8221; shape_type=&#8221;&#8221;][vc_column column_padding=&#8221;no-extra-padding&#8221; column_padding_tablet=&#8221;inherit&#8221; column_padding_phone=&#8221;inherit&#8221; column_padding_position=&#8221;all&#8221; column_element_spacing=&#8221;default&#8221; background_color_opacity=&#8221;1&#8243; background_hover_color_opacity=&#8221;1&#8243; column_shadow=&#8221;none&#8221; column_border_radius=&#8221;none&#8221; column_link_target=&#8221;_self&#8221; gradient_direction=&#8221;left_to_right&#8221; overlay_strength=&#8221;0.3&#8243; width=&#8221;1\/1&#8243; tablet_width_inherit=&#8221;default&#8221; tablet_text_alignment=&#8221;default&#8221; phone_text_alignment=&#8221;default&#8221; bg_image_animation=&#8221;none&#8221; border_type=&#8221;simple&#8221; column_border_width=&#8221;none&#8221; column_border_style=&#8221;solid&#8221;][vc_column_text]\n<h1 style=\"text-align: center;\">Verantwortungsvolle<\/h1>\n<h1 style=\"text-align: center;\">Entwicklung<\/h1>\n[\/vc_column_text][image_with_animation image_url=&#8221;6566&#8243; animation=&#8221;Fade In&#8221; hover_animation=&#8221;none&#8221; alignment=&#8221;&#8221; border_radius=&#8221;none&#8221; box_shadow=&#8221;none&#8221; image_loading=&#8221;default&#8221; max_width=&#8221;100%&#8221; max_width_mobile=&#8221;default&#8221; el_class=&#8221;header-watermark&#8221;][\/vc_column][\/vc_row][vc_row type=&#8221;in_container&#8221; full_screen_row_position=&#8221;middle&#8221; column_margin=&#8221;default&#8221; column_direction=&#8221;default&#8221; column_direction_tablet=&#8221;default&#8221; column_direction_phone=&#8221;default&#8221; bg_color=&#8221;#f8f8f8&#8243; scene_position=&#8221;center&#8221; top_padding=&#8221;5%&#8221; constrain_group_1=&#8221;yes&#8221; bottom_padding=&#8221;5%&#8221; left_padding_desktop=&#8221;5%&#8221; constrain_group_2=&#8221;yes&#8221; right_padding_desktop=&#8221;5%&#8221; text_color=&#8221;dark&#8221; text_align=&#8221;left&#8221; row_border_radius=&#8221;none&#8221; row_border_radius_applies=&#8221;bg&#8221; id=&#8221;sustainability&#8221; overlay_strength=&#8221;0.3&#8243; gradient_direction=&#8221;left_to_right&#8221; shape_divider_position=&#8221;bottom&#8221; bg_image_animation=&#8221;none&#8221; shape_type=&#8221;&#8221;][vc_column column_padding=&#8221;no-extra-padding&#8221; column_padding_tablet=&#8221;inherit&#8221; column_padding_phone=&#8221;inherit&#8221; column_padding_position=&#8221;all&#8221; column_element_spacing=&#8221;default&#8221; background_color_opacity=&#8221;1&#8243; background_hover_color_opacity=&#8221;1&#8243; column_shadow=&#8221;none&#8221; column_border_radius=&#8221;none&#8221; column_link_target=&#8221;_self&#8221; gradient_direction=&#8221;left_to_right&#8221; overlay_strength=&#8221;0.3&#8243; width=&#8221;1\/1&#8243; tablet_width_inherit=&#8221;default&#8221; tablet_text_alignment=&#8221;default&#8221; phone_text_alignment=&#8221;default&#8221; bg_image_animation=&#8221;none&#8221; border_type=&#8221;simple&#8221; column_border_width=&#8221;none&#8221; column_border_style=&#8221;solid&#8221;][vc_custom_heading text=&#8221;\u201cNachhaltige Entwicklung ist eine Entwicklung, die den aktuellen Bed\u00fcrfnissen entspricht, ohne die F\u00e4higkeit k\u00fcnftiger Generationen zu gef\u00e4hrden, ihre Bed\u00fcrfnisse zu befriedigen.\u201d&#8221; font_container=&#8221;tag:h6|text_align:left&#8221; use_theme_fonts=&#8221;yes&#8221; css=&#8221;.vc_custom_1653902098609{margin-bottom: 30px !important;}&#8221;][vc_custom_heading text=&#8221;Der Brundtland-Bericht&#8221; font_container=&#8221;tag:p|text_align:left&#8221; use_theme_fonts=&#8221;yes&#8221; css=&#8221;.vc_custom_1655977066980{margin-bottom: 30px !important;}&#8221; el_class=&#8221;italic&#8221;][vc_row_inner column_margin=&#8221;default&#8221; column_direction=&#8221;default&#8221; column_direction_tablet=&#8221;default&#8221; column_direction_phone=&#8221;default&#8221; text_align=&#8221;left&#8221;][vc_column_inner column_padding=&#8221;no-extra-padding&#8221; column_padding_tablet=&#8221;inherit&#8221; column_padding_phone=&#8221;inherit&#8221; column_padding_position=&#8221;all&#8221; column_element_spacing=&#8221;default&#8221; background_color_opacity=&#8221;1&#8243; background_hover_color_opacity=&#8221;1&#8243; column_shadow=&#8221;none&#8221; column_border_radius=&#8221;none&#8221; column_link_target=&#8221;_self&#8221; gradient_direction=&#8221;left_to_right&#8221; overlay_strength=&#8221;0.3&#8243; width=&#8221;1\/2&#8243; tablet_width_inherit=&#8221;default&#8221; bg_image_animation=&#8221;none&#8221; border_type=&#8221;simple&#8221; column_border_width=&#8221;none&#8221; column_border_style=&#8221;solid&#8221;][vc_column_text]Die F&amp;H Group wird niemals nachhaltig sein. Stattdessen m\u00fcssen wir uns daf\u00fcr einsetzen, unsere Waren so anzupassen, dass sie f\u00fcr die Problemstellungen im Hinblick auf Klima und Umwelt eine so geringe Belastung wie m\u00f6glich darstellen. 2021 stellte die F&amp;H Group ihre Strategie f\u00fcr die kommenden f\u00fcnf Jahre mit sieben strategischen Eckpfeilern vor. Diese sieben Eckpfeiler der Strategie 2025 der F&amp;H Group richten den Fokus auf Nachhaltigkeit. Die Strategie muss in alle Bereiche unseres Gesch\u00e4fts integriert werden und wird so ein zentraler Schwerpunkt f\u00fcr das Kerngesch\u00e4ft der F&amp;H Group sein.[\/vc_column_text][\/vc_column_inner][vc_column_inner column_padding=&#8221;no-extra-padding&#8221; column_padding_tablet=&#8221;inherit&#8221; column_padding_phone=&#8221;inherit&#8221; column_padding_position=&#8221;all&#8221; column_element_spacing=&#8221;default&#8221; background_color_opacity=&#8221;1&#8243; background_hover_color_opacity=&#8221;1&#8243; column_shadow=&#8221;none&#8221; column_border_radius=&#8221;none&#8221; column_link_target=&#8221;_self&#8221; gradient_direction=&#8221;left_to_right&#8221; overlay_strength=&#8221;0.3&#8243; width=&#8221;1\/2&#8243; tablet_width_inherit=&#8221;default&#8221; bg_image_animation=&#8221;none&#8221; border_type=&#8221;simple&#8221; column_border_width=&#8221;none&#8221; column_border_style=&#8221;solid&#8221;][vc_column_text]Dies ist ein langfristiger Prozess und wir sind uns im Klaren, dass es bis zum Ziel noch ein weiter Weg ist. Wir sind uns auch bewusst dar\u00fcber, dass das Ziel sich st\u00e4ndig verschiebt \u2013 was heute als am sinnvollsten erscheint, ist in einem Jahr bspw. von neuer Technologie wahrscheinlich bereits \u00fcberholt. Wir werden daher nicht den Punkt erreichen, an dem wir uns zur\u00fccklehnen und sagen k\u00f6nnen, jetzt sind wir am Ziel. Aber wir bem\u00fchen uns beharrlich darum, die Dinge jeden Tag ein bisschen besser zu machen. Die folgenden Artikel beschreiben, welche Schritte wir unternehmen. Im Zuge der Einbindung neuer Initiativen wird sich die Liste verl\u00e4ngern.[\/vc_column_text][\/vc_column_inner][\/vc_row_inner][\/vc_column][\/vc_row][vc_row type=&#8221;in_container&#8221; full_screen_row_position=&#8221;middle&#8221; column_margin=&#8221;default&#8221; column_direction=&#8221;default&#8221; column_direction_tablet=&#8221;default&#8221; column_direction_phone=&#8221;default&#8221; scene_position=&#8221;center&#8221; text_color=&#8221;dark&#8221; text_align=&#8221;left&#8221; row_border_radius=&#8221;none&#8221; row_border_radius_applies=&#8221;bg&#8221; overlay_strength=&#8221;0.3&#8243; gradient_direction=&#8221;left_to_right&#8221; shape_divider_position=&#8221;bottom&#8221; bg_image_animation=&#8221;none&#8221;][vc_column column_padding=&#8221;no-extra-padding&#8221; column_padding_tablet=&#8221;inherit&#8221; column_padding_phone=&#8221;inherit&#8221; column_padding_position=&#8221;all&#8221; column_element_spacing=&#8221;default&#8221; background_color_opacity=&#8221;1&#8243; background_hover_color_opacity=&#8221;1&#8243; column_shadow=&#8221;none&#8221; column_border_radius=&#8221;none&#8221; column_link_target=&#8221;_self&#8221; gradient_direction=&#8221;left_to_right&#8221; overlay_strength=&#8221;0.3&#8243; width=&#8221;1\/1&#8243; tablet_width_inherit=&#8221;default&#8221; tablet_text_alignment=&#8221;default&#8221; phone_text_alignment=&#8221;default&#8221; bg_image_animation=&#8221;none&#8221; border_type=&#8221;simple&#8221; column_border_width=&#8221;none&#8221; column_border_style=&#8221;solid&#8221;][vc_custom_heading text=&#8221;Artikel&#8221; font_container=&#8221;tag:h2|text_align:center&#8221; use_theme_fonts=&#8221;yes&#8221; css=&#8221;.vc_custom_1653902163380{margin-bottom: 50px !important;}&#8221;][recent_posts style=&#8221;default&#8221; columns=&#8221;4&#8243; category=&#8221;unkategorisiert&#8221; order=&#8221;DESC&#8221; orderby=&#8221;date&#8221; blog_remove_post_author=&#8221;true&#8221; blog_remove_post_comment_number=&#8221;true&#8221; blog_remove_post_nectar_love=&#8221;true&#8221; posts_per_page=&#8221;4&#8243;][\/vc_column][\/vc_row]\n","protected":false},"excerpt":{"rendered":"<p>[vc_row type=&#8221;full_width_background&#8221; full_screen_row_position=&#8221;middle&#8221; column_margin=&#8221;default&#8221; column_direction=&#8221;default&#8221; column_direction_tablet=&#8221;default&#8221; column_direction_phone=&#8221;default&#8221; bg_image=&#8221;6620&#8243; bg_position=&#8221;center center&#8221; background_image_loading=&#8221;default&#8221; bg_repeat=&#8221;no-repeat&#8221; scene_position=&#8221;center&#8221; top_padding=&#8221;165px&#8221; constrain_group_1=&#8221;yes&#8221; bottom_padding=&#8221;165px&#8221; text_color=&#8221;light&#8221; text_align=&#8221;left&#8221; row_border_radius=&#8221;none&#8221; row_border_radius_applies=&#8221;bg&#8221; enable_gradient=&#8221;true&#8221; color_overlay=&#8221;#000000&#8243; overlay_strength=&#8221;0.3&#8243; gradient_direction=&#8221;top_to_bottom&#8221; shape_divider_position=&#8221;bottom&#8221; bg_image_animation=&#8221;none&#8221; shape_type=&#8221;&#8221;][vc_column column_padding=&#8221;no-extra-padding&#8221; column_padding_tablet=&#8221;inherit&#8221; column_padding_phone=&#8221;inherit&#8221; column_padding_position=&#8221;all&#8221; column_element_spacing=&#8221;default&#8221; background_color_opacity=&#8221;1&#8243; background_hover_color_opacity=&#8221;1&#8243; column_shadow=&#8221;none&#8221; column_border_radius=&#8221;none&#8221; column_link_target=&#8221;_self&#8221; gradient_direction=&#8221;left_to_right&#8221; overlay_strength=&#8221;0.3&#8243; width=&#8221;1\/1&#8243;&#8230;<\/p>\n","protected":false},"author":8,"featured_media":0,"parent":2109,"menu_order":0,"comment_status":"closed","ping_status":"closed","template":"","meta":{"footnotes":""},"class_list":["post-6728","page","type-page","status-publish"],"yoast_head":"<!-- This site is optimized with the Yoast SEO plugin v25.9 - https:\/\/yoast.com\/wordpress\/plugins\/seo\/ -->\r\n<title>Verantwortungsvolle Entwicklung - F&amp;H Group<\/title>\r\n<meta name=\"robots\" content=\"index, follow, max-snippet:-1, max-image-preview:large, max-video-preview:-1\" \/>\r\n<link rel=\"canonical\" href=\"https:\/\/fh-group.dk\/de\/verantwortlichkeit\/verantwortungsvolle-entwicklung\/\" \/>\r\n<meta property=\"og:locale\" content=\"de_DE\" \/>\r\n<meta property=\"og:type\" content=\"article\" \/>\r\n<meta property=\"og:title\" content=\"Verantwortungsvolle Entwicklung - F&amp;H Group\" \/>\r\n<meta property=\"og:description\" content=\"[vc_row type=&#8221;full_width_background&#8221; full_screen_row_position=&#8221;middle&#8221; column_margin=&#8221;default&#8221; column_direction=&#8221;default&#8221; column_direction_tablet=&#8221;default&#8221; column_direction_phone=&#8221;default&#8221; bg_image=&#8221;6620&#8243; bg_position=&#8221;center center&#8221; background_image_loading=&#8221;default&#8221; bg_repeat=&#8221;no-repeat&#8221; scene_position=&#8221;center&#8221; top_padding=&#8221;165px&#8221; constrain_group_1=&#8221;yes&#8221; bottom_padding=&#8221;165px&#8221; text_color=&#8221;light&#8221; text_align=&#8221;left&#8221; row_border_radius=&#8221;none&#8221; row_border_radius_applies=&#8221;bg&#8221; enable_gradient=&#8221;true&#8221; color_overlay=&#8221;#000000&#8243; overlay_strength=&#8221;0.3&#8243; gradient_direction=&#8221;top_to_bottom&#8221; shape_divider_position=&#8221;bottom&#8221; bg_image_animation=&#8221;none&#8221; shape_type=&#8221;&#8221;][vc_column column_padding=&#8221;no-extra-padding&#8221; column_padding_tablet=&#8221;inherit&#8221; column_padding_phone=&#8221;inherit&#8221; column_padding_position=&#8221;all&#8221; column_element_spacing=&#8221;default&#8221; background_color_opacity=&#8221;1&#8243; background_hover_color_opacity=&#8221;1&#8243; column_shadow=&#8221;none&#8221; column_border_radius=&#8221;none&#8221; column_link_target=&#8221;_self&#8221; gradient_direction=&#8221;left_to_right&#8221; overlay_strength=&#8221;0.3&#8243; width=&#8221;1\/1&#8243;...\" \/>\r\n<meta property=\"og:url\" content=\"https:\/\/fh-group.dk\/de\/verantwortlichkeit\/verantwortungsvolle-entwicklung\/\" \/>\r\n<meta property=\"og:site_name\" content=\"F&amp;H Group\" \/>\r\n<meta property=\"article:modified_time\" content=\"2022-08-22T11:18:14+00:00\" \/>\r\n<meta property=\"og:image\" content=\"https:\/\/fh-group.dk\/wp-content\/uploads\/fh-facebook-image.png\" \/>\r\n\t<meta property=\"og:image:width\" content=\"400\" \/>\r\n\t<meta property=\"og:image:height\" content=\"400\" \/>\r\n\t<meta property=\"og:image:type\" content=\"image\/png\" \/>\r\n<meta name=\"twitter:card\" content=\"summary_large_image\" \/>\r\n<meta name=\"twitter:label1\" content=\"Gesch\u00e4tzte Lesezeit\" \/>\n\t<meta name=\"twitter:data1\" content=\"3 minutes\" \/>\r\n<script type=\"application\/ld+json\" class=\"yoast-schema-graph\">{\"@context\":\"https:\/\/schema.org\",\"@graph\":[{\"@type\":\"WebPage\",\"@id\":\"https:\/\/fh-group.dk\/de\/verantwortlichkeit\/verantwortungsvolle-entwicklung\/\",\"url\":\"https:\/\/fh-group.dk\/de\/verantwortlichkeit\/verantwortungsvolle-entwicklung\/\",\"name\":\"Verantwortungsvolle Entwicklung - F&amp;H Group\",\"isPartOf\":{\"@id\":\"https:\/\/fh-group.dk\/#website\"},\"datePublished\":\"2022-05-25T13:06:17+00:00\",\"dateModified\":\"2022-08-22T11:18:14+00:00\",\"breadcrumb\":{\"@id\":\"https:\/\/fh-group.dk\/de\/verantwortlichkeit\/verantwortungsvolle-entwicklung\/#breadcrumb\"},\"inLanguage\":\"de-DE\",\"potentialAction\":[{\"@type\":\"ReadAction\",\"target\":[\"https:\/\/fh-group.dk\/de\/verantwortlichkeit\/verantwortungsvolle-entwicklung\/\"]}]},{\"@type\":\"BreadcrumbList\",\"@id\":\"https:\/\/fh-group.dk\/de\/verantwortlichkeit\/verantwortungsvolle-entwicklung\/#breadcrumb\",\"itemListElement\":[{\"@type\":\"ListItem\",\"position\":1,\"name\":\"Verantwortlichkeit\",\"item\":\"https:\/\/fh-group.dk\/de\/verantwortlichkeit\/\"},{\"@type\":\"ListItem\",\"position\":2,\"name\":\"Verantwortungsvolle Entwicklung\"}]},{\"@type\":\"WebSite\",\"@id\":\"https:\/\/fh-group.dk\/#website\",\"url\":\"https:\/\/fh-group.dk\/\",\"name\":\"F&amp;H Group\",\"description\":\"A global brand house in Kitchen Living Dining\",\"potentialAction\":[{\"@type\":\"SearchAction\",\"target\":{\"@type\":\"EntryPoint\",\"urlTemplate\":\"https:\/\/fh-group.dk\/?s={search_term_string}\"},\"query-input\":{\"@type\":\"PropertyValueSpecification\",\"valueRequired\":true,\"valueName\":\"search_term_string\"}}],\"inLanguage\":\"de-DE\"}]}<\/script>\r\n<!-- \/ Yoast SEO plugin. -->","yoast_head_json":{"title":"Verantwortungsvolle Entwicklung - F&amp;H Group","robots":{"index":"index","follow":"follow","max-snippet":"max-snippet:-1","max-image-preview":"max-image-preview:large","max-video-preview":"max-video-preview:-1"},"canonical":"https:\/\/fh-group.dk\/de\/verantwortlichkeit\/verantwortungsvolle-entwicklung\/","og_locale":"de_DE","og_type":"article","og_title":"Verantwortungsvolle Entwicklung - F&amp;H Group","og_description":"[vc_row type=&#8221;full_width_background&#8221; full_screen_row_position=&#8221;middle&#8221; column_margin=&#8221;default&#8221; column_direction=&#8221;default&#8221; column_direction_tablet=&#8221;default&#8221; column_direction_phone=&#8221;default&#8221; bg_image=&#8221;6620&#8243; bg_position=&#8221;center center&#8221; background_image_loading=&#8221;default&#8221; bg_repeat=&#8221;no-repeat&#8221; scene_position=&#8221;center&#8221; top_padding=&#8221;165px&#8221; constrain_group_1=&#8221;yes&#8221; bottom_padding=&#8221;165px&#8221; text_color=&#8221;light&#8221; text_align=&#8221;left&#8221; row_border_radius=&#8221;none&#8221; row_border_radius_applies=&#8221;bg&#8221; enable_gradient=&#8221;true&#8221; color_overlay=&#8221;#000000&#8243; overlay_strength=&#8221;0.3&#8243; gradient_direction=&#8221;top_to_bottom&#8221; shape_divider_position=&#8221;bottom&#8221; bg_image_animation=&#8221;none&#8221; shape_type=&#8221;&#8221;][vc_column column_padding=&#8221;no-extra-padding&#8221; column_padding_tablet=&#8221;inherit&#8221; column_padding_phone=&#8221;inherit&#8221; column_padding_position=&#8221;all&#8221; column_element_spacing=&#8221;default&#8221; background_color_opacity=&#8221;1&#8243; background_hover_color_opacity=&#8221;1&#8243; column_shadow=&#8221;none&#8221; column_border_radius=&#8221;none&#8221; column_link_target=&#8221;_self&#8221; gradient_direction=&#8221;left_to_right&#8221; overlay_strength=&#8221;0.3&#8243; width=&#8221;1\/1&#8243;...","og_url":"https:\/\/fh-group.dk\/de\/verantwortlichkeit\/verantwortungsvolle-entwicklung\/","og_site_name":"F&amp;H Group","article_modified_time":"2022-08-22T11:18:14+00:00","og_image":[{"width":400,"height":400,"url":"https:\/\/fh-group.dk\/wp-content\/uploads\/fh-facebook-image.png","type":"image\/png"}],"twitter_card":"summary_large_image","twitter_misc":{"Gesch\u00e4tzte Lesezeit":"3 minutes"},"schema":{"@context":"https:\/\/schema.org","@graph":[{"@type":"WebPage","@id":"https:\/\/fh-group.dk\/de\/verantwortlichkeit\/verantwortungsvolle-entwicklung\/","url":"https:\/\/fh-group.dk\/de\/verantwortlichkeit\/verantwortungsvolle-entwicklung\/","name":"Verantwortungsvolle Entwicklung - F&amp;H Group","isPartOf":{"@id":"https:\/\/fh-group.dk\/#website"},"datePublished":"2022-05-25T13:06:17+00:00","dateModified":"2022-08-22T11:18:14+00:00","breadcrumb":{"@id":"https:\/\/fh-group.dk\/de\/verantwortlichkeit\/verantwortungsvolle-entwicklung\/#breadcrumb"},"inLanguage":"de-DE","potentialAction":[{"@type":"ReadAction","target":["https:\/\/fh-group.dk\/de\/verantwortlichkeit\/verantwortungsvolle-entwicklung\/"]}]},{"@type":"BreadcrumbList","@id":"https:\/\/fh-group.dk\/de\/verantwortlichkeit\/verantwortungsvolle-entwicklung\/#breadcrumb","itemListElement":[{"@type":"ListItem","position":1,"name":"Verantwortlichkeit","item":"https:\/\/fh-group.dk\/de\/verantwortlichkeit\/"},{"@type":"ListItem","position":2,"name":"Verantwortungsvolle Entwicklung"}]},{"@type":"WebSite","@id":"https:\/\/fh-group.dk\/#website","url":"https:\/\/fh-group.dk\/","name":"F&amp;H Group","description":"A global brand house in Kitchen Living Dining","potentialAction":[{"@type":"SearchAction","target":{"@type":"EntryPoint","urlTemplate":"https:\/\/fh-group.dk\/?s={search_term_string}"},"query-input":{"@type":"PropertyValueSpecification","valueRequired":true,"valueName":"search_term_string"}}],"inLanguage":"de-DE"}]}},"_links":{"self":[{"href":"https:\/\/fh-group.dk\/de\/wp-json\/wp\/v2\/pages\/6728","targetHints":{"allow":["GET"]}}],"collection":[{"href":"https:\/\/fh-group.dk\/de\/wp-json\/wp\/v2\/pages"}],"about":[{"href":"https:\/\/fh-group.dk\/de\/wp-json\/wp\/v2\/types\/page"}],"author":[{"embeddable":true,"href":"https:\/\/fh-group.dk\/de\/wp-json\/wp\/v2\/users\/8"}],"replies":[{"embeddable":true,"href":"https:\/\/fh-group.dk\/de\/wp-json\/wp\/v2\/comments?post=6728"}],"version-history":[{"count":0,"href":"https:\/\/fh-group.dk\/de\/wp-json\/wp\/v2\/pages\/6728\/revisions"}],"up":[{"embeddable":true,"href":"https:\/\/fh-group.dk\/de\/wp-json\/wp\/v2\/pages\/2109"}],"wp:attachment":[{"href":"https:\/\/fh-group.dk\/de\/wp-json\/wp\/v2\/media?parent=6728"}],"curies":[{"name":"wp","href":"https:\/\/api.w.org\/{rel}","templated":true}]}}